{"id":4154,"date":"2025-08-16T11:47:41","date_gmt":"2025-08-16T15:47:41","guid":{"rendered":"https:\/\/live-glaser-labor.pantheonsite.io\/practice-areas\/discrimination\/gender-identity-discrimination\/"},"modified":"2025-08-26T10:32:20","modified_gmt":"2025-08-26T14:32:20","slug":"gender-identity-discrimination","status":"publish","type":"page","link":"https:\/\/glaserlaborlaw.com\/es\/practice-areas\/discrimination\/gender-identity-discrimination\/","title":{"rendered":"Gender Identity Discrimination"},"content":{"rendered":"","protected":false},"excerpt":{"rendered":"","protected":false},"author":2,"featured_media":0,"parent":4147,"menu_order":0,"comment_status":"closed","ping_status":"closed","template":"page-templates\/flexible-template.php","meta":{"_acf_changed":false,"footnotes":""},"class_list":["post-4154","page","type-page","status-publish","hentry"],"acf":[],"yoast_head":"<!-- This site is optimized with the Yoast SEO plugin v27.1.1 - https:\/\/yoast.com\/product\/yoast-seo-wordpress\/ -->\n<title>Gender Identity Discrimination - Glaser Labor Law<\/title>\n<meta name=\"description\" content=\"Inf\u00f3rmese sobre sus derechos en relaci\u00f3n con la discriminaci\u00f3n por identidad de g\u00e9nero en California. Si ha sufrido un trato injusto en el trabajo, ll\u00e1menos para obtener orientaci\u00f3n al (310) 943-8005.\" \/>\n<meta name=\"robots\" content=\"index, follow, max-snippet:-1, max-image-preview:large, max-video-preview:-1\" \/>\n<link rel=\"canonical\" href=\"https:\/\/glaserlaborlaw.com\/es\/practice-areas\/discrimination\/gender-identity-discrimination\/\" \/>\n<meta property=\"og:locale\" content=\"es_ES\" \/>\n<meta property=\"og:type\" content=\"article\" \/>\n<meta property=\"og:title\" content=\"Gender Identity Discrimination - Glaser Labor Law\" \/>\n<meta property=\"og:description\" content=\"Inf\u00f3rmese sobre sus derechos en relaci\u00f3n con la discriminaci\u00f3n por identidad de g\u00e9nero en California. Si ha sufrido un trato injusto en el trabajo, ll\u00e1menos para obtener orientaci\u00f3n al (310) 943-8005.\" \/>\n<meta property=\"og:url\" content=\"https:\/\/glaserlaborlaw.com\/es\/practice-areas\/discrimination\/gender-identity-discrimination\/\" \/>\n<meta property=\"og:site_name\" content=\"Glaser Labor Law\" \/>\n<meta property=\"article:modified_time\" content=\"2025-08-26T14:32:20+00:00\" \/>\n<meta name=\"twitter:card\" content=\"summary_large_image\" \/>\n<script type=\"application\/ld+json\" class=\"yoast-schema-graph\">{\"@context\":\"https:\/\/schema.org\",\"@graph\":[{\"@type\":\"WebPage\",\"@id\":\"https:\/\/glaserlaborlaw.com\/es\/practice-areas\/discrimination\/gender-identity-discrimination\/\",\"url\":\"https:\/\/glaserlaborlaw.com\/es\/practice-areas\/discrimination\/gender-identity-discrimination\/\",\"name\":\"Gender Identity Discrimination - Glaser Labor Law\",\"isPartOf\":{\"@id\":\"https:\/\/glaserlaborlaw.com\/es\/#website\"},\"datePublished\":\"2025-08-16T15:47:41+00:00\",\"dateModified\":\"2025-08-26T14:32:20+00:00\",\"description\":\"Inf\u00f3rmese sobre sus derechos en relaci\u00f3n con la discriminaci\u00f3n por identidad de g\u00e9nero en California. Si ha sufrido un trato injusto en el trabajo, ll\u00e1menos para obtener orientaci\u00f3n al (310) 943-8005.\",\"breadcrumb\":{\"@id\":\"https:\/\/glaserlaborlaw.com\/es\/practice-areas\/discrimination\/gender-identity-discrimination\/#breadcrumb\"},\"inLanguage\":\"es\",\"potentialAction\":[{\"@type\":\"ReadAction\",\"target\":[\"https:\/\/glaserlaborlaw.com\/es\/practice-areas\/discrimination\/gender-identity-discrimination\/\"]}]},{\"@type\":\"BreadcrumbList\",\"@id\":\"https:\/\/glaserlaborlaw.com\/es\/practice-areas\/discrimination\/gender-identity-discrimination\/#breadcrumb\",\"itemListElement\":[{\"@type\":\"ListItem\",\"position\":1,\"name\":\"Home\",\"item\":\"https:\/\/glaserlaborlaw.com\/es\/\"},{\"@type\":\"ListItem\",\"position\":2,\"name\":\"Practice Areas\",\"item\":\"https:\/\/glaserlaborlaw.com\/es\/practice-areas\/\"},{\"@type\":\"ListItem\",\"position\":3,\"name\":\"Discrimination\",\"item\":\"https:\/\/glaserlaborlaw.com\/es\/practice-areas\/discrimination\/\"},{\"@type\":\"ListItem\",\"position\":4,\"name\":\"Gender Identity Discrimination\"}]},{\"@type\":\"WebSite\",\"@id\":\"https:\/\/glaserlaborlaw.com\/es\/#website\",\"url\":\"https:\/\/glaserlaborlaw.com\/es\/\",\"name\":\"Glaser Labor Law\",\"description\":\"Los Angeles . Orange County . San Diego\",\"publisher\":{\"@id\":\"https:\/\/glaserlaborlaw.com\/es\/#organization\"},\"potentialAction\":[{\"@type\":\"SearchAction\",\"target\":{\"@type\":\"EntryPoint\",\"urlTemplate\":\"https:\/\/glaserlaborlaw.com\/es\/?s={search_term_string}\"},\"query-input\":{\"@type\":\"PropertyValueSpecification\",\"valueRequired\":true,\"valueName\":\"search_term_string\"}}],\"inLanguage\":\"es\"},{\"@type\":\"Organization\",\"@id\":\"https:\/\/glaserlaborlaw.com\/es\/#organization\",\"name\":\"Glaser Labor Law\",\"url\":\"https:\/\/glaserlaborlaw.com\/es\/\",\"logo\":{\"@type\":\"ImageObject\",\"inLanguage\":\"es\",\"@id\":\"https:\/\/glaserlaborlaw.com\/es\/#\/schema\/logo\/image\/\",\"url\":\"https:\/\/glaserlaborlaw.com\/wp-content\/uploads\/2025\/07\/glaser-labor-law.svg\",\"contentUrl\":\"https:\/\/glaserlaborlaw.com\/wp-content\/uploads\/2025\/07\/glaser-labor-law.svg\",\"caption\":\"Glaser Labor Law\"},\"image\":{\"@id\":\"https:\/\/glaserlaborlaw.com\/es\/#\/schema\/logo\/image\/\"}}]}<\/script>\n<!-- \/ Yoast SEO plugin. -->","yoast_head_json":{"title":"Gender Identity Discrimination - Glaser Labor Law","description":"Inf\u00f3rmese sobre sus derechos en relaci\u00f3n con la discriminaci\u00f3n por identidad de g\u00e9nero en California. Si ha sufrido un trato injusto en el trabajo, ll\u00e1menos para obtener orientaci\u00f3n al (310) 943-8005.","robots":{"index":"index","follow":"follow","max-snippet":"max-snippet:-1","max-image-preview":"max-image-preview:large","max-video-preview":"max-video-preview:-1"},"canonical":"https:\/\/glaserlaborlaw.com\/es\/practice-areas\/discrimination\/gender-identity-discrimination\/","og_locale":"es_ES","og_type":"article","og_title":"Gender Identity Discrimination - Glaser Labor Law","og_description":"Inf\u00f3rmese sobre sus derechos en relaci\u00f3n con la discriminaci\u00f3n por identidad de g\u00e9nero en California. Si ha sufrido un trato injusto en el trabajo, ll\u00e1menos para obtener orientaci\u00f3n al (310) 943-8005.","og_url":"https:\/\/glaserlaborlaw.com\/es\/practice-areas\/discrimination\/gender-identity-discrimination\/","og_site_name":"Glaser Labor Law","article_modified_time":"2025-08-26T14:32:20+00:00","twitter_card":"summary_large_image","schema":{"@context":"https:\/\/schema.org","@graph":[{"@type":"WebPage","@id":"https:\/\/glaserlaborlaw.com\/es\/practice-areas\/discrimination\/gender-identity-discrimination\/","url":"https:\/\/glaserlaborlaw.com\/es\/practice-areas\/discrimination\/gender-identity-discrimination\/","name":"Gender Identity Discrimination - Glaser Labor Law","isPartOf":{"@id":"https:\/\/glaserlaborlaw.com\/es\/#website"},"datePublished":"2025-08-16T15:47:41+00:00","dateModified":"2025-08-26T14:32:20+00:00","description":"Inf\u00f3rmese sobre sus derechos en relaci\u00f3n con la discriminaci\u00f3n por identidad de g\u00e9nero en California. Si ha sufrido un trato injusto en el trabajo, ll\u00e1menos para obtener orientaci\u00f3n al (310) 943-8005.","breadcrumb":{"@id":"https:\/\/glaserlaborlaw.com\/es\/practice-areas\/discrimination\/gender-identity-discrimination\/#breadcrumb"},"inLanguage":"es","potentialAction":[{"@type":"ReadAction","target":["https:\/\/glaserlaborlaw.com\/es\/practice-areas\/discrimination\/gender-identity-discrimination\/"]}]},{"@type":"BreadcrumbList","@id":"https:\/\/glaserlaborlaw.com\/es\/practice-areas\/discrimination\/gender-identity-discrimination\/#breadcrumb","itemListElement":[{"@type":"ListItem","position":1,"name":"Home","item":"https:\/\/glaserlaborlaw.com\/es\/"},{"@type":"ListItem","position":2,"name":"Practice Areas","item":"https:\/\/glaserlaborlaw.com\/es\/practice-areas\/"},{"@type":"ListItem","position":3,"name":"Discrimination","item":"https:\/\/glaserlaborlaw.com\/es\/practice-areas\/discrimination\/"},{"@type":"ListItem","position":4,"name":"Gender Identity Discrimination"}]},{"@type":"WebSite","@id":"https:\/\/glaserlaborlaw.com\/es\/#website","url":"https:\/\/glaserlaborlaw.com\/es\/","name":"Glaser Labor Law","description":"Los Angeles . Orange County . San Diego","publisher":{"@id":"https:\/\/glaserlaborlaw.com\/es\/#organization"},"potentialAction":[{"@type":"SearchAction","target":{"@type":"EntryPoint","urlTemplate":"https:\/\/glaserlaborlaw.com\/es\/?s={search_term_string}"},"query-input":{"@type":"PropertyValueSpecification","valueRequired":true,"valueName":"search_term_string"}}],"inLanguage":"es"},{"@type":"Organization","@id":"https:\/\/glaserlaborlaw.com\/es\/#organization","name":"Glaser Labor Law","url":"https:\/\/glaserlaborlaw.com\/es\/","logo":{"@type":"ImageObject","inLanguage":"es","@id":"https:\/\/glaserlaborlaw.com\/es\/#\/schema\/logo\/image\/","url":"https:\/\/glaserlaborlaw.com\/wp-content\/uploads\/2025\/07\/glaser-labor-law.svg","contentUrl":"https:\/\/glaserlaborlaw.com\/wp-content\/uploads\/2025\/07\/glaser-labor-law.svg","caption":"Glaser Labor Law"},"image":{"@id":"https:\/\/glaserlaborlaw.com\/es\/#\/schema\/logo\/image\/"}}]}},"_links":{"self":[{"href":"https:\/\/glaserlaborlaw.com\/es\/wp-json\/wp\/v2\/pages\/4154","targetHints":{"allow":["GET"]}}],"collection":[{"href":"https:\/\/glaserlaborlaw.com\/es\/wp-json\/wp\/v2\/pages"}],"about":[{"href":"https:\/\/glaserlaborlaw.com\/es\/wp-json\/wp\/v2\/types\/page"}],"author":[{"embeddable":true,"href":"https:\/\/glaserlaborlaw.com\/es\/wp-json\/wp\/v2\/users\/2"}],"replies":[{"embeddable":true,"href":"https:\/\/glaserlaborlaw.com\/es\/wp-json\/wp\/v2\/comments?post=4154"}],"version-history":[{"count":0,"href":"https:\/\/glaserlaborlaw.com\/es\/wp-json\/wp\/v2\/pages\/4154\/revisions"}],"up":[{"embeddable":true,"href":"https:\/\/glaserlaborlaw.com\/es\/wp-json\/wp\/v2\/pages\/4147"}],"wp:attachment":[{"href":"https:\/\/glaserlaborlaw.com\/es\/wp-json\/wp\/v2\/media?parent=4154"}],"curies":[{"name":"wp","href":"https:\/\/api.w.org\/{rel}","templated":true}]}}