{"id":4150,"date":"2025-08-16T08:34:46","date_gmt":"2025-08-16T12:34:46","guid":{"rendered":"https:\/\/live-glaser-labor.pantheonsite.io\/practice-areas\/discrimination\/sex-and-gender-discrimination\/wage-inequality-due-to-gender\/"},"modified":"2025-08-25T13:47:42","modified_gmt":"2025-08-25T17:47:42","slug":"wage-inequality-due-to-gender","status":"publish","type":"page","link":"https:\/\/glaserlaborlaw.com\/es\/practice-areas\/discrimination\/sex-and-gender-discrimination\/wage-inequality-due-to-gender\/","title":{"rendered":"Wage Inequality Due to Gender"},"content":{"rendered":"","protected":false},"excerpt":{"rendered":"","protected":false},"author":2,"featured_media":0,"parent":4148,"menu_order":0,"comment_status":"closed","ping_status":"closed","template":"page-templates\/flexible-template.php","meta":{"_acf_changed":false,"footnotes":""},"class_list":["post-4150","page","type-page","status-publish","hentry"],"acf":[],"yoast_head":"<!-- This site is optimized with the Yoast SEO plugin v27.4 - https:\/\/yoast.com\/product\/yoast-seo-wordpress\/ -->\n<title>Wage Inequality Due to Gender - Glaser Labor Law<\/title>\n<meta name=\"description\" content=\"\u00bfTe pagan menos por tu g\u00e9nero? Un abogado especializado en discriminaci\u00f3n sexual y de g\u00e9nero en California puede ayudarte a combatir la desigualdad salarial. Llama ahora para una consulta al (310) 943-8005.\" \/>\n<meta name=\"robots\" content=\"index, follow, max-snippet:-1, max-image-preview:large, max-video-preview:-1\" \/>\n<link rel=\"canonical\" href=\"https:\/\/glaserlaborlaw.com\/es\/practice-areas\/discrimination\/sex-and-gender-discrimination\/wage-inequality-due-to-gender\/\" \/>\n<meta property=\"og:locale\" content=\"es_ES\" \/>\n<meta property=\"og:type\" content=\"article\" \/>\n<meta property=\"og:title\" content=\"Wage Inequality Due to Gender - Glaser Labor Law\" \/>\n<meta property=\"og:description\" content=\"\u00bfTe pagan menos por tu g\u00e9nero? Un abogado especializado en discriminaci\u00f3n sexual y de g\u00e9nero en California puede ayudarte a combatir la desigualdad salarial. Llama ahora para una consulta al (310) 943-8005.\" \/>\n<meta property=\"og:url\" content=\"https:\/\/glaserlaborlaw.com\/es\/practice-areas\/discrimination\/sex-and-gender-discrimination\/wage-inequality-due-to-gender\/\" \/>\n<meta property=\"og:site_name\" content=\"Glaser Labor Law\" \/>\n<meta property=\"article:modified_time\" content=\"2025-08-25T17:47:42+00:00\" \/>\n<meta name=\"twitter:card\" content=\"summary_large_image\" \/>\n<script type=\"application\/ld+json\" class=\"yoast-schema-graph\">{\"@context\":\"https:\\\/\\\/schema.org\",\"@graph\":[{\"@type\":\"WebPage\",\"@id\":\"https:\\\/\\\/glaserlaborlaw.com\\\/es\\\/practice-areas\\\/discrimination\\\/sex-and-gender-discrimination\\\/wage-inequality-due-to-gender\\\/\",\"url\":\"https:\\\/\\\/glaserlaborlaw.com\\\/es\\\/practice-areas\\\/discrimination\\\/sex-and-gender-discrimination\\\/wage-inequality-due-to-gender\\\/\",\"name\":\"Wage Inequality Due to Gender - Glaser Labor Law\",\"isPartOf\":{\"@id\":\"https:\\\/\\\/glaserlaborlaw.com\\\/es\\\/#website\"},\"datePublished\":\"2025-08-16T12:34:46+00:00\",\"dateModified\":\"2025-08-25T17:47:42+00:00\",\"description\":\"\u00bfTe pagan menos por tu g\u00e9nero? Un abogado especializado en discriminaci\u00f3n sexual y de g\u00e9nero en California puede ayudarte a combatir la desigualdad salarial. Llama ahora para una consulta al (310) 943-8005.\",\"breadcrumb\":{\"@id\":\"https:\\\/\\\/glaserlaborlaw.com\\\/es\\\/practice-areas\\\/discrimination\\\/sex-and-gender-discrimination\\\/wage-inequality-due-to-gender\\\/#breadcrumb\"},\"inLanguage\":\"es\",\"potentialAction\":[{\"@type\":\"ReadAction\",\"target\":[\"https:\\\/\\\/glaserlaborlaw.com\\\/es\\\/practice-areas\\\/discrimination\\\/sex-and-gender-discrimination\\\/wage-inequality-due-to-gender\\\/\"]}]},{\"@type\":\"BreadcrumbList\",\"@id\":\"https:\\\/\\\/glaserlaborlaw.com\\\/es\\\/practice-areas\\\/discrimination\\\/sex-and-gender-discrimination\\\/wage-inequality-due-to-gender\\\/#breadcrumb\",\"itemListElement\":[{\"@type\":\"ListItem\",\"position\":1,\"name\":\"Home\",\"item\":\"https:\\\/\\\/glaserlaborlaw.com\\\/es\\\/\"},{\"@type\":\"ListItem\",\"position\":2,\"name\":\"Practice Areas\",\"item\":\"https:\\\/\\\/glaserlaborlaw.com\\\/es\\\/practice-areas\\\/\"},{\"@type\":\"ListItem\",\"position\":3,\"name\":\"Discrimination\",\"item\":\"https:\\\/\\\/glaserlaborlaw.com\\\/es\\\/practice-areas\\\/discrimination\\\/\"},{\"@type\":\"ListItem\",\"position\":4,\"name\":\"Sex and Gender Discrimination\",\"item\":\"https:\\\/\\\/live-glaser-labor.pantheonsite.io\\\/es\\\/practice-areas\\\/discrimination\\\/sex-and-gender-discrimination\\\/\"},{\"@type\":\"ListItem\",\"position\":5,\"name\":\"Wage Inequality Due to Gender\"}]},{\"@type\":\"WebSite\",\"@id\":\"https:\\\/\\\/glaserlaborlaw.com\\\/es\\\/#website\",\"url\":\"https:\\\/\\\/glaserlaborlaw.com\\\/es\\\/\",\"name\":\"Glaser Labor Law\",\"description\":\"Los Angeles . Orange County . San Diego\",\"publisher\":{\"@id\":\"https:\\\/\\\/glaserlaborlaw.com\\\/es\\\/#organization\"},\"potentialAction\":[{\"@type\":\"SearchAction\",\"target\":{\"@type\":\"EntryPoint\",\"urlTemplate\":\"https:\\\/\\\/glaserlaborlaw.com\\\/es\\\/?s={search_term_string}\"},\"query-input\":{\"@type\":\"PropertyValueSpecification\",\"valueRequired\":true,\"valueName\":\"search_term_string\"}}],\"inLanguage\":\"es\"},{\"@type\":\"Organization\",\"@id\":\"https:\\\/\\\/glaserlaborlaw.com\\\/es\\\/#organization\",\"name\":\"Glaser Labor Law\",\"url\":\"https:\\\/\\\/glaserlaborlaw.com\\\/es\\\/\",\"logo\":{\"@type\":\"ImageObject\",\"inLanguage\":\"es\",\"@id\":\"https:\\\/\\\/glaserlaborlaw.com\\\/es\\\/#\\\/schema\\\/logo\\\/image\\\/\",\"url\":\"https:\\\/\\\/glaserlaborlaw.com\\\/wp-content\\\/uploads\\\/2025\\\/07\\\/glaser-labor-law.svg\",\"contentUrl\":\"https:\\\/\\\/glaserlaborlaw.com\\\/wp-content\\\/uploads\\\/2025\\\/07\\\/glaser-labor-law.svg\",\"caption\":\"Glaser Labor Law\"},\"image\":{\"@id\":\"https:\\\/\\\/glaserlaborlaw.com\\\/es\\\/#\\\/schema\\\/logo\\\/image\\\/\"}}]}<\/script>\n<!-- \/ Yoast SEO plugin. -->","yoast_head_json":{"title":"Wage Inequality Due to Gender - Glaser Labor Law","description":"\u00bfTe pagan menos por tu g\u00e9nero? Un abogado especializado en discriminaci\u00f3n sexual y de g\u00e9nero en California puede ayudarte a combatir la desigualdad salarial. Llama ahora para una consulta al (310) 943-8005.","robots":{"index":"index","follow":"follow","max-snippet":"max-snippet:-1","max-image-preview":"max-image-preview:large","max-video-preview":"max-video-preview:-1"},"canonical":"https:\/\/glaserlaborlaw.com\/es\/practice-areas\/discrimination\/sex-and-gender-discrimination\/wage-inequality-due-to-gender\/","og_locale":"es_ES","og_type":"article","og_title":"Wage Inequality Due to Gender - Glaser Labor Law","og_description":"\u00bfTe pagan menos por tu g\u00e9nero? Un abogado especializado en discriminaci\u00f3n sexual y de g\u00e9nero en California puede ayudarte a combatir la desigualdad salarial. Llama ahora para una consulta al (310) 943-8005.","og_url":"https:\/\/glaserlaborlaw.com\/es\/practice-areas\/discrimination\/sex-and-gender-discrimination\/wage-inequality-due-to-gender\/","og_site_name":"Glaser Labor Law","article_modified_time":"2025-08-25T17:47:42+00:00","twitter_card":"summary_large_image","schema":{"@context":"https:\/\/schema.org","@graph":[{"@type":"WebPage","@id":"https:\/\/glaserlaborlaw.com\/es\/practice-areas\/discrimination\/sex-and-gender-discrimination\/wage-inequality-due-to-gender\/","url":"https:\/\/glaserlaborlaw.com\/es\/practice-areas\/discrimination\/sex-and-gender-discrimination\/wage-inequality-due-to-gender\/","name":"Wage Inequality Due to Gender - Glaser Labor Law","isPartOf":{"@id":"https:\/\/glaserlaborlaw.com\/es\/#website"},"datePublished":"2025-08-16T12:34:46+00:00","dateModified":"2025-08-25T17:47:42+00:00","description":"\u00bfTe pagan menos por tu g\u00e9nero? Un abogado especializado en discriminaci\u00f3n sexual y de g\u00e9nero en California puede ayudarte a combatir la desigualdad salarial. Llama ahora para una consulta al (310) 943-8005.","breadcrumb":{"@id":"https:\/\/glaserlaborlaw.com\/es\/practice-areas\/discrimination\/sex-and-gender-discrimination\/wage-inequality-due-to-gender\/#breadcrumb"},"inLanguage":"es","potentialAction":[{"@type":"ReadAction","target":["https:\/\/glaserlaborlaw.com\/es\/practice-areas\/discrimination\/sex-and-gender-discrimination\/wage-inequality-due-to-gender\/"]}]},{"@type":"BreadcrumbList","@id":"https:\/\/glaserlaborlaw.com\/es\/practice-areas\/discrimination\/sex-and-gender-discrimination\/wage-inequality-due-to-gender\/#breadcrumb","itemListElement":[{"@type":"ListItem","position":1,"name":"Home","item":"https:\/\/glaserlaborlaw.com\/es\/"},{"@type":"ListItem","position":2,"name":"Practice Areas","item":"https:\/\/glaserlaborlaw.com\/es\/practice-areas\/"},{"@type":"ListItem","position":3,"name":"Discrimination","item":"https:\/\/glaserlaborlaw.com\/es\/practice-areas\/discrimination\/"},{"@type":"ListItem","position":4,"name":"Sex and Gender Discrimination","item":"https:\/\/live-glaser-labor.pantheonsite.io\/es\/practice-areas\/discrimination\/sex-and-gender-discrimination\/"},{"@type":"ListItem","position":5,"name":"Wage Inequality Due to Gender"}]},{"@type":"WebSite","@id":"https:\/\/glaserlaborlaw.com\/es\/#website","url":"https:\/\/glaserlaborlaw.com\/es\/","name":"Glaser Labor Law","description":"Los Angeles . Orange County . San Diego","publisher":{"@id":"https:\/\/glaserlaborlaw.com\/es\/#organization"},"potentialAction":[{"@type":"SearchAction","target":{"@type":"EntryPoint","urlTemplate":"https:\/\/glaserlaborlaw.com\/es\/?s={search_term_string}"},"query-input":{"@type":"PropertyValueSpecification","valueRequired":true,"valueName":"search_term_string"}}],"inLanguage":"es"},{"@type":"Organization","@id":"https:\/\/glaserlaborlaw.com\/es\/#organization","name":"Glaser Labor Law","url":"https:\/\/glaserlaborlaw.com\/es\/","logo":{"@type":"ImageObject","inLanguage":"es","@id":"https:\/\/glaserlaborlaw.com\/es\/#\/schema\/logo\/image\/","url":"https:\/\/glaserlaborlaw.com\/wp-content\/uploads\/2025\/07\/glaser-labor-law.svg","contentUrl":"https:\/\/glaserlaborlaw.com\/wp-content\/uploads\/2025\/07\/glaser-labor-law.svg","caption":"Glaser Labor Law"},"image":{"@id":"https:\/\/glaserlaborlaw.com\/es\/#\/schema\/logo\/image\/"}}]}},"_links":{"self":[{"href":"https:\/\/glaserlaborlaw.com\/es\/wp-json\/wp\/v2\/pages\/4150","targetHints":{"allow":["GET"]}}],"collection":[{"href":"https:\/\/glaserlaborlaw.com\/es\/wp-json\/wp\/v2\/pages"}],"about":[{"href":"https:\/\/glaserlaborlaw.com\/es\/wp-json\/wp\/v2\/types\/page"}],"author":[{"embeddable":true,"href":"https:\/\/glaserlaborlaw.com\/es\/wp-json\/wp\/v2\/users\/2"}],"replies":[{"embeddable":true,"href":"https:\/\/glaserlaborlaw.com\/es\/wp-json\/wp\/v2\/comments?post=4150"}],"version-history":[{"count":0,"href":"https:\/\/glaserlaborlaw.com\/es\/wp-json\/wp\/v2\/pages\/4150\/revisions"}],"up":[{"embeddable":true,"href":"https:\/\/glaserlaborlaw.com\/es\/wp-json\/wp\/v2\/pages\/4148"}],"wp:attachment":[{"href":"https:\/\/glaserlaborlaw.com\/es\/wp-json\/wp\/v2\/media?parent=4150"}],"curies":[{"name":"wp","href":"https:\/\/api.w.org\/{rel}","templated":true}]}}