{"id":4135,"date":"2025-08-11T09:13:09","date_gmt":"2025-08-11T13:13:09","guid":{"rendered":"https:\/\/live-glaser-labor.pantheonsite.io\/practice-areas\/wage-and-overtime-claims\/rest-and-meal-break-denials\/"},"modified":"2025-11-11T05:58:16","modified_gmt":"2025-11-11T10:58:16","slug":"rest-and-meal-break-denials","status":"publish","type":"page","link":"https:\/\/glaserlaborlaw.com\/es\/practice-areas\/wage-and-overtime-claims\/rest-and-meal-break-denials\/","title":{"rendered":"Rest and Meal Break Denials"},"content":{"rendered":"","protected":false},"excerpt":{"rendered":"","protected":false},"author":2,"featured_media":0,"parent":4129,"menu_order":0,"comment_status":"closed","ping_status":"closed","template":"page-templates\/flexible-template.php","meta":{"_acf_changed":false,"footnotes":""},"class_list":["post-4135","page","type-page","status-publish","hentry"],"acf":[],"yoast_head":"<!-- This site is optimized with the Yoast SEO plugin v27.1.1 - https:\/\/yoast.com\/product\/yoast-seo-wordpress\/ -->\n<title>Negaci\u00f3n de descansos y pausas para comer - Ley Laboral Glaser<\/title>\n<meta name=\"description\" content=\"Si su empleador le neg\u00f3 los descansos o las pausas para comer que le correspond\u00edan, podr\u00eda tener derecho a recuperar su salario. Estamos aqu\u00ed para ayudarle. Ll\u00e1menos al (310) 943-8005 para obtener m\u00e1s informaci\u00f3n.\" \/>\n<meta name=\"robots\" content=\"index, follow, max-snippet:-1, max-image-preview:large, max-video-preview:-1\" \/>\n<link rel=\"canonical\" href=\"https:\/\/glaserlaborlaw.com\/es\/practice-areas\/wage-and-overtime-claims\/rest-and-meal-break-denials\/\" \/>\n<meta property=\"og:locale\" content=\"es_ES\" \/>\n<meta property=\"og:type\" content=\"article\" \/>\n<meta property=\"og:title\" content=\"Negaci\u00f3n de descansos y pausas para comer - Ley Laboral Glaser\" \/>\n<meta property=\"og:description\" content=\"Si su empleador le neg\u00f3 los descansos o las pausas para comer que le correspond\u00edan, podr\u00eda tener derecho a recuperar su salario. Estamos aqu\u00ed para ayudarle. Ll\u00e1menos al (310) 943-8005 para obtener m\u00e1s informaci\u00f3n.\" \/>\n<meta property=\"og:url\" content=\"https:\/\/glaserlaborlaw.com\/es\/practice-areas\/wage-and-overtime-claims\/rest-and-meal-break-denials\/\" \/>\n<meta property=\"og:site_name\" content=\"Glaser Labor Law\" \/>\n<meta property=\"article:modified_time\" content=\"2025-11-11T10:58:16+00:00\" \/>\n<meta name=\"twitter:card\" content=\"summary_large_image\" \/>\n<script type=\"application\/ld+json\" class=\"yoast-schema-graph\">{\"@context\":\"https:\/\/schema.org\",\"@graph\":[{\"@type\":\"WebPage\",\"@id\":\"https:\/\/glaserlaborlaw.com\/es\/practice-areas\/wage-and-overtime-claims\/rest-and-meal-break-denials\/\",\"url\":\"https:\/\/glaserlaborlaw.com\/es\/practice-areas\/wage-and-overtime-claims\/rest-and-meal-break-denials\/\",\"name\":\"Negaci\u00f3n de descansos y pausas para comer - Ley Laboral Glaser\",\"isPartOf\":{\"@id\":\"https:\/\/glaserlaborlaw.com\/es\/#website\"},\"datePublished\":\"2025-08-11T13:13:09+00:00\",\"dateModified\":\"2025-11-11T10:58:16+00:00\",\"description\":\"Si su empleador le neg\u00f3 los descansos o las pausas para comer que le correspond\u00edan, podr\u00eda tener derecho a recuperar su salario. Estamos aqu\u00ed para ayudarle. Ll\u00e1menos al (310) 943-8005 para obtener m\u00e1s informaci\u00f3n.\",\"breadcrumb\":{\"@id\":\"https:\/\/glaserlaborlaw.com\/es\/practice-areas\/wage-and-overtime-claims\/rest-and-meal-break-denials\/#breadcrumb\"},\"inLanguage\":\"es\",\"potentialAction\":[{\"@type\":\"ReadAction\",\"target\":[\"https:\/\/glaserlaborlaw.com\/es\/practice-areas\/wage-and-overtime-claims\/rest-and-meal-break-denials\/\"]}]},{\"@type\":\"BreadcrumbList\",\"@id\":\"https:\/\/glaserlaborlaw.com\/es\/practice-areas\/wage-and-overtime-claims\/rest-and-meal-break-denials\/#breadcrumb\",\"itemListElement\":[{\"@type\":\"ListItem\",\"position\":1,\"name\":\"Home\",\"item\":\"https:\/\/glaserlaborlaw.com\/es\/\"},{\"@type\":\"ListItem\",\"position\":2,\"name\":\"Practice Areas\",\"item\":\"https:\/\/glaserlaborlaw.com\/es\/practice-areas\/\"},{\"@type\":\"ListItem\",\"position\":3,\"name\":\"Wage and Overtime Claims\",\"item\":\"https:\/\/glaserlaborlaw.com\/es\/practice-areas\/wage-and-overtime-claims\/\"},{\"@type\":\"ListItem\",\"position\":4,\"name\":\"Rest and Meal Break Denials\"}]},{\"@type\":\"WebSite\",\"@id\":\"https:\/\/glaserlaborlaw.com\/es\/#website\",\"url\":\"https:\/\/glaserlaborlaw.com\/es\/\",\"name\":\"Glaser Labor Law\",\"description\":\"Los Angeles . Orange County . San Diego\",\"publisher\":{\"@id\":\"https:\/\/glaserlaborlaw.com\/es\/#organization\"},\"potentialAction\":[{\"@type\":\"SearchAction\",\"target\":{\"@type\":\"EntryPoint\",\"urlTemplate\":\"https:\/\/glaserlaborlaw.com\/es\/?s={search_term_string}\"},\"query-input\":{\"@type\":\"PropertyValueSpecification\",\"valueRequired\":true,\"valueName\":\"search_term_string\"}}],\"inLanguage\":\"es\"},{\"@type\":\"Organization\",\"@id\":\"https:\/\/glaserlaborlaw.com\/es\/#organization\",\"name\":\"Glaser Labor Law\",\"url\":\"https:\/\/glaserlaborlaw.com\/es\/\",\"logo\":{\"@type\":\"ImageObject\",\"inLanguage\":\"es\",\"@id\":\"https:\/\/glaserlaborlaw.com\/es\/#\/schema\/logo\/image\/\",\"url\":\"https:\/\/glaserlaborlaw.com\/wp-content\/uploads\/2025\/07\/glaser-labor-law.svg\",\"contentUrl\":\"https:\/\/glaserlaborlaw.com\/wp-content\/uploads\/2025\/07\/glaser-labor-law.svg\",\"caption\":\"Glaser Labor Law\"},\"image\":{\"@id\":\"https:\/\/glaserlaborlaw.com\/es\/#\/schema\/logo\/image\/\"}}]}<\/script>\n<!-- \/ Yoast SEO plugin. -->","yoast_head_json":{"title":"Negaci\u00f3n de descansos y pausas para comer - Ley Laboral Glaser","description":"Si su empleador le neg\u00f3 los descansos o las pausas para comer que le correspond\u00edan, podr\u00eda tener derecho a recuperar su salario. Estamos aqu\u00ed para ayudarle. Ll\u00e1menos al (310) 943-8005 para obtener m\u00e1s informaci\u00f3n.","robots":{"index":"index","follow":"follow","max-snippet":"max-snippet:-1","max-image-preview":"max-image-preview:large","max-video-preview":"max-video-preview:-1"},"canonical":"https:\/\/glaserlaborlaw.com\/es\/practice-areas\/wage-and-overtime-claims\/rest-and-meal-break-denials\/","og_locale":"es_ES","og_type":"article","og_title":"Negaci\u00f3n de descansos y pausas para comer - Ley Laboral Glaser","og_description":"Si su empleador le neg\u00f3 los descansos o las pausas para comer que le correspond\u00edan, podr\u00eda tener derecho a recuperar su salario. Estamos aqu\u00ed para ayudarle. Ll\u00e1menos al (310) 943-8005 para obtener m\u00e1s informaci\u00f3n.","og_url":"https:\/\/glaserlaborlaw.com\/es\/practice-areas\/wage-and-overtime-claims\/rest-and-meal-break-denials\/","og_site_name":"Glaser Labor Law","article_modified_time":"2025-11-11T10:58:16+00:00","twitter_card":"summary_large_image","schema":{"@context":"https:\/\/schema.org","@graph":[{"@type":"WebPage","@id":"https:\/\/glaserlaborlaw.com\/es\/practice-areas\/wage-and-overtime-claims\/rest-and-meal-break-denials\/","url":"https:\/\/glaserlaborlaw.com\/es\/practice-areas\/wage-and-overtime-claims\/rest-and-meal-break-denials\/","name":"Negaci\u00f3n de descansos y pausas para comer - Ley Laboral Glaser","isPartOf":{"@id":"https:\/\/glaserlaborlaw.com\/es\/#website"},"datePublished":"2025-08-11T13:13:09+00:00","dateModified":"2025-11-11T10:58:16+00:00","description":"Si su empleador le neg\u00f3 los descansos o las pausas para comer que le correspond\u00edan, podr\u00eda tener derecho a recuperar su salario. Estamos aqu\u00ed para ayudarle. Ll\u00e1menos al (310) 943-8005 para obtener m\u00e1s informaci\u00f3n.","breadcrumb":{"@id":"https:\/\/glaserlaborlaw.com\/es\/practice-areas\/wage-and-overtime-claims\/rest-and-meal-break-denials\/#breadcrumb"},"inLanguage":"es","potentialAction":[{"@type":"ReadAction","target":["https:\/\/glaserlaborlaw.com\/es\/practice-areas\/wage-and-overtime-claims\/rest-and-meal-break-denials\/"]}]},{"@type":"BreadcrumbList","@id":"https:\/\/glaserlaborlaw.com\/es\/practice-areas\/wage-and-overtime-claims\/rest-and-meal-break-denials\/#breadcrumb","itemListElement":[{"@type":"ListItem","position":1,"name":"Home","item":"https:\/\/glaserlaborlaw.com\/es\/"},{"@type":"ListItem","position":2,"name":"Practice Areas","item":"https:\/\/glaserlaborlaw.com\/es\/practice-areas\/"},{"@type":"ListItem","position":3,"name":"Wage and Overtime Claims","item":"https:\/\/glaserlaborlaw.com\/es\/practice-areas\/wage-and-overtime-claims\/"},{"@type":"ListItem","position":4,"name":"Rest and Meal Break Denials"}]},{"@type":"WebSite","@id":"https:\/\/glaserlaborlaw.com\/es\/#website","url":"https:\/\/glaserlaborlaw.com\/es\/","name":"Glaser Labor Law","description":"Los Angeles . Orange County . San Diego","publisher":{"@id":"https:\/\/glaserlaborlaw.com\/es\/#organization"},"potentialAction":[{"@type":"SearchAction","target":{"@type":"EntryPoint","urlTemplate":"https:\/\/glaserlaborlaw.com\/es\/?s={search_term_string}"},"query-input":{"@type":"PropertyValueSpecification","valueRequired":true,"valueName":"search_term_string"}}],"inLanguage":"es"},{"@type":"Organization","@id":"https:\/\/glaserlaborlaw.com\/es\/#organization","name":"Glaser Labor Law","url":"https:\/\/glaserlaborlaw.com\/es\/","logo":{"@type":"ImageObject","inLanguage":"es","@id":"https:\/\/glaserlaborlaw.com\/es\/#\/schema\/logo\/image\/","url":"https:\/\/glaserlaborlaw.com\/wp-content\/uploads\/2025\/07\/glaser-labor-law.svg","contentUrl":"https:\/\/glaserlaborlaw.com\/wp-content\/uploads\/2025\/07\/glaser-labor-law.svg","caption":"Glaser Labor Law"},"image":{"@id":"https:\/\/glaserlaborlaw.com\/es\/#\/schema\/logo\/image\/"}}]}},"_links":{"self":[{"href":"https:\/\/glaserlaborlaw.com\/es\/wp-json\/wp\/v2\/pages\/4135","targetHints":{"allow":["GET"]}}],"collection":[{"href":"https:\/\/glaserlaborlaw.com\/es\/wp-json\/wp\/v2\/pages"}],"about":[{"href":"https:\/\/glaserlaborlaw.com\/es\/wp-json\/wp\/v2\/types\/page"}],"author":[{"embeddable":true,"href":"https:\/\/glaserlaborlaw.com\/es\/wp-json\/wp\/v2\/users\/2"}],"replies":[{"embeddable":true,"href":"https:\/\/glaserlaborlaw.com\/es\/wp-json\/wp\/v2\/comments?post=4135"}],"version-history":[{"count":0,"href":"https:\/\/glaserlaborlaw.com\/es\/wp-json\/wp\/v2\/pages\/4135\/revisions"}],"up":[{"embeddable":true,"href":"https:\/\/glaserlaborlaw.com\/es\/wp-json\/wp\/v2\/pages\/4129"}],"wp:attachment":[{"href":"https:\/\/glaserlaborlaw.com\/es\/wp-json\/wp\/v2\/media?parent=4135"}],"curies":[{"name":"wp","href":"https:\/\/api.w.org\/{rel}","templated":true}]}}